{"id":203610,"date":"2025-12-05T23:47:04","date_gmt":"2025-12-05T22:47:04","guid":{"rendered":"https:\/\/ka2.ch\/shop\/?page_id=203610"},"modified":"2025-12-05T23:47:08","modified_gmt":"2025-12-05T22:47:08","slug":"agb","status":"publish","type":"page","link":"https:\/\/ka2.ch\/shop\/agb\/","title":{"rendered":"Allgemeine Gesch\u00e4ftsbedingungen Ka2 GmbH"},"content":{"rendered":"<div style=\"max-width: -moz-fit-content; \" class=\"wp-block-ub-table-of-contents-block ub_table-of-contents\" id=\"ub_table-of-contents-10f6e307-da42-4b9d-8dff-962b1852961e\" data-linktodivider=\"false\" data-showtext=\"show\" data-hidetext=\"hide\" data-scrolltype=\"auto\" data-enablesmoothscroll=\"false\" data-initiallyhideonmobile=\"false\" data-initiallyshow=\"true\"><div class=\"ub_table-of-contents-header-container\" style=\"\">\n\t\t\t<div class=\"ub_table-of-contents-header\" style=\"text-align: left; \">\n\t\t\t\t<div class=\"ub_table-of-contents-title\">Inhalt<\/div>\n\t\t\t\t<div class=\"ub_table-of-contents-header-toggle\">\n\t\t\t<div class=\"ub_table-of-contents-toggle\" style=\"\">\n\t\t\t\u00a0[<a class=\"ub_table-of-contents-toggle-link\" href=\"#\" style=\"\">hide<\/a>]\n\t\t\t<\/div>\n\t\t<\/div>\n\t\t\t<\/div>\n\t\t<\/div><div class=\"ub_table-of-contents-extra-container\" style=\"\">\n\t\t\t<div class=\"ub_table-of-contents-container ub_table-of-contents-1-column \">\n\t\t\t\t<ul style=\"\"><li style=\"\"><a href=\"https:\/\/ka2.ch\/shop\/agb\/#0-1-gegenstand-und-anwendungsbereich-der-einzelvertr%C3%A4ge-und-der-agb-\" style=\"\">1. Gegenstand und Anwendungsbereich der Einzelvertr\u00e4ge und der AGB<\/a><\/li><li style=\"\"><a href=\"https:\/\/ka2.ch\/shop\/agb\/#1-2-leistungserbringung-\" style=\"\">2. Leistungserbringung<\/a><\/li><li style=\"\"><a href=\"https:\/\/ka2.ch\/shop\/agb\/#2-3-leistungspflicht-der-kundschaft-\" style=\"\">3. Leistungspflicht der Kundschaft<\/a><\/li><li style=\"\"><a href=\"https:\/\/ka2.ch\/shop\/agb\/#3-4-vorbereitungshandlungen-und-nebenpflichten-der-kundschaft-\" style=\"\">4. Vorbereitungshandlungen und Nebenpflichten der Kundschaft<\/a><\/li><li style=\"\"><a href=\"https:\/\/ka2.ch\/shop\/agb\/#4-5-haftung-und-gew%C3%A4hrleistung-\" style=\"\">5. Haftung und Gew\u00e4hrleistung<\/a><\/li><li style=\"\"><a href=\"https:\/\/ka2.ch\/shop\/agb\/#5-6-rechte-dritter-\" style=\"\">6. Rechte Dritter<\/a><\/li><li style=\"\"><a href=\"https:\/\/ka2.ch\/shop\/agb\/#6-7-datenschutz-\" style=\"\">7. Datenschutz<\/a><\/li><li style=\"\"><a href=\"https:\/\/ka2.ch\/shop\/agb\/#7-8-salvatorische-klausel-\" style=\"\">8. Salvatorische Klausel<\/a><\/li><li style=\"\"><a href=\"https:\/\/ka2.ch\/shop\/agb\/#8-9-anwendbares-recht-und-gerichtsstand-\" style=\"\">9. Anwendbares Recht und Gerichtsstand<\/a><\/li><\/ul>\n\t\t\t<\/div>\n\t\t<\/div><\/div>\n\n\n<h2 class=\"wp-block-heading has-large-font-size\" id=\"0-1-gegenstand-und-anwendungsbereich-der-einzelvertr%C3%A4ge-und-der-agb-\"><strong>1. Gegenstand und Anwendungsbereich der Einzelvertr\u00e4ge und der AGB<\/strong><\/h2>\n\n\n\n<p class=\"wp-block-paragraph\"><sup>1<\/sup> <strong>Einzelvertr\u00e4ge<\/strong> im Sinne dieser AGB sind Individualvereinbarungen zwischen der Ka2 GmbH und ihrer Kundschaft. Sie regeln den Gegenstand der von der Ka2 GmbH geschuldeten Hauptleistung, zu deren Erbringung sich die Ka2 GmbH durch den Einzelvertrag verpflichtet <em>(nachfolgend Gegenstand [des Vertrages oder der Dienstleistung] genannt)<\/em><\/p>\n\n\n\n<p class=\"wp-block-paragraph\"><sup>2<\/sup> Die <strong>AGB<\/strong> regeln die Modalit\u00e4ten der Erbringung von Dienstleistungen durch die Ka2 GmbH. Sie bilden einen integrierenden Bestandteil der Einzelvertr\u00e4ge, sofern darin auf diese AGB verwiesen wird. Alle Bestimmungen in den Einzelvertr\u00e4gen gehen den Bestimmungen der AGB vor.<\/p>\n\n\n\n<p class=\"wp-block-paragraph\"><sup>3<\/sup> Einzelvertr\u00e4ge bed\u00fcrfen zu ihrer G\u00fcltigkeit der Schriftform oder einer anderen Form, die den Nachweis durch Text erm\u00f6glicht <em>(nachfolgend Textform genannt)<\/em>. M\u00fcndliche Vereinbarungen oder Konkretisierungen von Einzelvertr\u00e4gen sind g\u00fcltig, wenn sie anschliessend durch die Ka2 GmbH in Textform best\u00e4tigt werden. Eine solche Best\u00e4tigung gilt als kaufm\u00e4nnisches Best\u00e4tigungsschreiben.<\/p>\n\n\n\n<p class=\"wp-block-paragraph\"><sup>4<\/sup> Abweichungen von diesen AGB bed\u00fcrfen der Schriftform (Art. 12 ff. OR). Dies gilt auch f\u00fcr ein allf\u00e4lliges Abbedingen der Schriftform.<\/p>\n\n\n\n<h2 class=\"wp-block-heading has-large-font-size\" id=\"1-2-leistungserbringung-\"><strong>2. Leistungserbringung<\/strong><\/h2>\n\n\n\n<p class=\"wp-block-paragraph\"><sup>1<\/sup> Die Ka2 GmbH ist erm\u00e4chtigt, zur Erbringung ihrer Leistungen Dritte beizuziehen. Sie haftet in diesem Fall lediglich f\u00fcr die geh\u00f6rige Sorgfalt bei der Wahl und der Instruktion dieser Dritten.<\/p>\n\n\n\n<p class=\"wp-block-paragraph\"><sup>2<\/sup> In Einzelvertr\u00e4gen festgehaltene Termine sind f\u00fcr die Parteien verbindlich, sofern ihre Einhaltung nicht durch \u00c4nderungen der Leistungsanforderungen seitens der Kundschaft, Verzug von Zulieferparteien, Verf\u00fcgungen von Beh\u00f6rden, unerwartete technische oder rechtliche Probleme oder h\u00f6here Gewalt verz\u00f6gert wird. In diesen F\u00e4llen verl\u00e4ngern sich vereinbarte Fristen um die Dauer der Leistungsst\u00f6rung, bzw. werden Termine um diese Dauer nach hinten verschoben. Das Gleiche gilt, wenn die zust\u00e4ndigen Mitarbeitenden der Ka2 GmbH aus Gr\u00fcnden, die in deren Person liegen, an der Arbeitsleistung verhindert ist.<\/p>\n\n\n\n<p class=\"wp-block-paragraph\"><sup>3<\/sup> Der Umfang der Leistungen der Ka2 GmbH ist in den Einzelvertr\u00e4gen abschliessend geregelt. Dar\u00fcber hinaus gehende Leistungen sind nicht geschuldet.<\/p>\n\n\n\n<p class=\"wp-block-paragraph\"><sup>4<\/sup> Ist eine Kundin oder ein Kunde mit Teil-, Vorschuss- oder Abschlagszahlungen in Verzug, so werden alle Fristen f\u00fcr die Erf\u00fcllung von Pflichten der Ka2 GmbH bis zur vollst\u00e4ndigen Bezahlung des offenen Betrages (inkl. Zinsen, Verfahrenskosten und vertraglichen Geb\u00fchren) verl\u00e4ngert.<\/p>\n\n\n\n<h2 class=\"wp-block-heading has-large-font-size\" id=\"2-3-leistungspflicht-der-kundschaft-\"><strong>3. Leistungspflicht der Kundschaft<\/strong><\/h2>\n\n\n\n<p class=\"wp-block-paragraph\"><sup>1<\/sup> F\u00fcr die Erf\u00fcllung eines Werk- und Kaufvertrages wird im Einzelvertrag ein Kaufpreis bzw. Werklohn vereinbart.<\/p>\n\n\n\n<p class=\"wp-block-paragraph\"><sup>2<\/sup> Alle \u00fcbrigen Dienstleistungen werden entweder zu einem Fixpreis oder nach Aufwand in Rechnung gestellt. Im Einzelvertrag ist f\u00fcr jede Dienstleistung festhalten, wie diese zu entsch\u00e4digen ist. Fehlt eine solche Vereinbarung, so ist die Dienstleistung nach Aufwand zu entsch\u00e4digen. In diesem Fall kommt ein Honoraransatz von CHF 200.- (zweihundert Schweizer Franken) pro Stunde zur Anwendung.<\/p>\n\n\n\n<p class=\"wp-block-paragraph\"><sup>3<\/sup> Die Ka2 GmbH kann bei unvorhergesehener Verteuerung einer Leistung wegen eines nicht von der Ka2 GmbH zu vertretenden Grundes (z.B. wegen Preis\u00e4nderung von Zuliefernden Parteien, Ersatzbeschaffungen wegen Leistungsst\u00f6rungen bei Zuliefernden Parteien, beh\u00f6rdlichen Verf\u00fcgungen, besondere von der Kundschaft zu vertretende Erschwerungen der Leistungserbringung oder h\u00f6herer Gewalt) einen vereinbarten Preis um die auf diese Verteuerung zur\u00fcckzuf\u00fchrenden zus\u00e4tzlichen Kosten erh\u00f6hen.<\/p>\n\n\n\n<p class=\"wp-block-paragraph\"><sup>4<\/sup> Bei nach Aufwand verrechneten Dienstleistungen wird der zu bezahlende Preis auf der Basis des Zeit- und Materialaufwandes ermittelt. Der Zeitaufwand wird nach Stunden berechnet. Angebrochene Stunden werden auf die n\u00e4chste volle Viertelstunde aufgerundet. Der Materialaufwand kann individuell oder pauschal in Rechnung gestellt werden. \u00dcbrige Kosten (Reise-, Transport- oder Lieferkosten) werden getrennt in Rechnung gestellt.&nbsp;<\/p>\n\n\n\n<p class=\"wp-block-paragraph\"><sup>5<\/sup> Die gesetzliche Mehrwertsteuer und andere \u00f6ffentliche Abgaben (z.B. Einfuhrz\u00f6lle) werden zus\u00e4tzlich zum Rechnungsbetrag belastet. Alle Fixbetr\u00e4ge verstehen sich, sofern nicht ausdr\u00fccklich anders gekennzeichnet, exklusive Mehrwertsteuer und andere \u00f6ffentliche Abgaben.<\/p>\n\n\n\n<p class=\"wp-block-paragraph\"><sup>6<\/sup> Rechnungen der Ka2 GmbH sind innert dreissig Tagen zu bezahlen. Der dreissigste Tag stellt einen Verfalltag dar, mit dessen Ablauf der Kunde in Verzug ger\u00e4t. Der Verzugszins betr\u00e4gt f\u00fcnf Prozent.<\/p>\n\n\n\n<p class=\"wp-block-paragraph\"><sup>7<\/sup> Wird ein Kunde von der Ka2 GmbH erfolgreich betrieben, so steht es der Ka2 GmbH frei, alle andern mit diesem Kunden bestehenden Vertr\u00e4gen frist- und entsch\u00e4digungslos zu k\u00fcndigen. Der Kunde ist in diesem Fall verpflichtet, der Ka2 GmbH den bis zum Zeitpunkt der Vertragsaufl\u00f6sung aufgelaufenen Aufwand zu verg\u00fcten. Die Verg\u00fctung wird mit dem Zugang der K\u00fcndigungserkl\u00e4rung f\u00e4llig. Mit der F\u00e4lligkeit tritt gleichzeitig Verzug ein.<\/p>\n\n\n\n<p class=\"wp-block-paragraph\"><sup>8<\/sup> Sofern nicht anderes vereinbart ist, kann die Ka2 GmbH nach Massgabe der bereits geleisteten Arbeiten oder Lieferungen Abschlagszahlungen in Rechnung stellen.<\/p>\n\n\n\n<p class=\"wp-block-paragraph\"><sup>9<\/sup> Wenn der Einzelvertrag es vorsieht, ist der Kunde zur Vorleistung verpflichtet.<\/p>\n\n\n\n<h2 class=\"wp-block-heading has-large-font-size\" id=\"3-4-vorbereitungshandlungen-und-nebenpflichten-der-kundschaft-\"><strong>4. Vorbereitungshandlungen und Nebenpflichten der Kundschaft<\/strong><\/h2>\n\n\n\n<p class=\"wp-block-paragraph\"><sup>1<\/sup> Die Kundschaft ist verpflichtet, im Einzelvertrag vereinbarte Vorbereitungshandlungen und Nebenpflichten termingerecht und auf deren Kosten vorzunehmen bzw. zu erf\u00fcllen. Kommt sie damit in Verzug, so kann die Ka2 GmbH alle weiteren Arbeiten sistieren so lange der Verzug andauert. Alle der Ka2 GmbH gesetzten Fristen stehen w\u00e4hrend dieser Zeit still. Ferner ist die Ka2 GmbH bei Verzug der Kundschaft berechtigt, diese eine angemessene Nachfrist anzusetzen. Nach deren unben\u00fctztem Ablauf kann die Ka2 GmbH den Vertrag frist- und entsch\u00e4digungslos k\u00fcndigen.<\/p>\n\n\n\n<p class=\"wp-block-paragraph\"><sup>2<\/sup> Alle Datensicherungen liegen in der alleinigen Verantwortung der Kundschaft. Jegliche Haftung der Ka2 GmbH aus Datenverlust ist wegbedungen.<\/p>\n\n\n\n<h2 class=\"wp-block-heading has-large-font-size\" id=\"4-5-haftung-und-gew%C3%A4hrleistung-\"><strong>5. Haftung und Gew\u00e4hrleistung<\/strong><\/h2>\n\n\n\n<p class=\"wp-block-paragraph\"><sup>1<\/sup> Die Ka2 GmbH haftet ausschliesslich f\u00fcr vors\u00e4tzlich oder grobfahrl\u00e4ssig verursachte Sch\u00e4den. Ihre Haftung ist in jedem Fall betraglich wie folgt begrenzt: F\u00fcr Personen- und Sachsch\u00e4den auf CHF 1 Mio (eine Million Schweizer Franken) und f\u00fcr reine Verm\u00f6genssch\u00e4den auf CHF 100&#8217;000 (einhunderttausend Schweizer Franken). Eine Haftung f\u00fcr von der Ka2 GmbH beigezogene Hilfspersonen ist wegbedungen. Dies gilt auch f\u00fcr Mangelfolgesch\u00e4den aus Kauf- oder Werkvertr\u00e4gen.<\/p>\n\n\n\n<p class=\"wp-block-paragraph\"><sup>2<\/sup> F\u00fcr Verk\u00e4ufe durch die Ka2 GmbH gelten folgende Gew\u00e4hrleistungsregeln:<\/p>\n\n\n\n<ol class=\"wp-block-list\">\n<li>Verkauf neuer Sachen: Die Gew\u00e4hrleistung ist beschr\u00e4nkt auf die Herstellergarantie. Weitergehende Anspr\u00fcche der Kundschaft sind ausgeschlossen. Vorbehalten bleiben zwingende gesetzliche Bestimmungen bei Vertr\u00e4gen mit Konsumentinnen und Konsumenten.<\/li>\n\n\n\n<li>Verkauf gebrauchter Sachen: Gegen\u00fcber Konsumentinnen und Konsumenten betr\u00e4gt die Gew\u00e4hrleistungsfrist ein Jahr. In allen anderen F\u00e4llen ist jegliche Gew\u00e4hrleistung wegbedungen.&nbsp;<\/li>\n\n\n\n<li>Eine Eigenschaft gilt nur dann als zugesichert, wenn dies im Einzelvertrag ausdr\u00fccklich so vorgesehen ist.<\/li>\n<\/ol>\n\n\n\n<p class=\"wp-block-paragraph\"><sup>3<\/sup> Bei Werkvertr\u00e4gen ist die Gew\u00e4hrleistung der Ka2 GmbH beschr\u00e4nkt auf eine Pflicht zur Nachbesserung.<\/p>\n\n\n\n<h2 class=\"wp-block-heading has-large-font-size\" id=\"5-6-rechte-dritter-\"><strong>6. Rechte Dritter<\/strong><\/h2>\n\n\n\n<p class=\"wp-block-paragraph\"><sup>1<\/sup> Wird die Ka2 GmbH beauftragt, an von der Kundschaft gestellten Ger\u00e4ten oder Software irgendwelche Arbeiten auszuf\u00fchren, so sichert die Kundschaft der Ka2 GmbH zu, dass damit keinerlei Rechte Dritter verletzt werden.<\/p>\n\n\n\n<p class=\"wp-block-paragraph\"><sup>2<\/sup> Beschafft die Ka2 GmbH f\u00fcr die Kundschaft irgendwelche Soft- oder Hardware, so handelt sie dabei als direkter Stellvertreter der Kundschaft. Muss die Ka2 GmbH f\u00fcr die Kundschaft Software beschaffen, so ist sie bevollm\u00e4chtigt, namens der Kundschaft die erforderlichen Lizenzvertr\u00e4ge abzuschliessen.<\/p>\n\n\n\n<p class=\"wp-block-paragraph\"><sup>3<\/sup> Sollen Leistungen der Ka2 GmbH oder von der Ka2 GmbH beschaffte Produkte in Systeme, Anlagen oder Programme der Kundschaft integriert werden, so werden im Einzelvertrag die auf die spezifischen Gegebenheiten der Kundschaft zur\u00fcckzuf\u00fchrenden besonderen Anforderungen an die Leistungen der Ka2 GmbH im Einzelnen aufgelistet. Die Leistung der Ka2 GmbH gilt als ordnungsgem\u00e4ss erbracht, wenn diese Anforderungen erf\u00fcllt sind. F\u00fchrt die Integration der Leistungen der Ka2 GmbH in die Systeme, Anlagen oder Programme der Kundschaft zu Problemen, die darauf zur\u00fcckzuf\u00fchren sind, dass die im Einzelvertrag enthaltene Anforderungsliste unvollst\u00e4ndig ist, so kann die Kundschaft aus diesen Problemen keine Anspr\u00fcche gegen\u00fcber der Ka2 GmbH ableiten. Die Ka2 GmbH ist frei, der Kundschaft in einem zus\u00e4tzlichen Vertrag eine Behebung der Probleme anzubieten.<\/p>\n\n\n\n<h2 class=\"wp-block-heading has-large-font-size\" id=\"6-7-datenschutz-\"><strong>7. Datenschutz<\/strong><\/h2>\n\n\n\n<p class=\"wp-block-paragraph\"><sup>1<\/sup> M\u00fcssen zur Erf\u00fcllung eines Vertrages durch die Ka2 GmbH Daten bearbeitet werden, die in den vom Kunden betriebenen Systemen gespeichert sind, so stellt die Kundschaft sicher, dass alle f\u00fcr die Vornahme der Arbeiten erforderlichen Einwilligungserkl\u00e4rungen der Personen, deren Daten die Ka2 GmbH bearbeitet oder die sie Einblick erh\u00e4lt, vorliegen.<\/p>\n\n\n\n<p class=\"wp-block-paragraph\"><sup>2<\/sup> Stellen Dritte Anspr\u00fcche gegen die Ka2 GmbH wegen eines Verstosses gegen in- oder ausl\u00e4ndische datenschutzrechtliche Bestimmungen aus einer T\u00e4tigkeit nach Abs. 1 hievor, so ist die Kundschaft verpflichtet, die Ka2 GmbH auf erstes Verlangen freizustellen. Die Ka2 GmbH ist verpflichtet, in einem allf\u00e4lligen Prozess mit dem anspruchstellenden Dritten, der Kundschaft den Streit zu verk\u00fcnden.<\/p>\n\n\n\n<h2 class=\"wp-block-heading has-large-font-size\" id=\"7-8-salvatorische-klausel-\"><strong>8. Salvatorische Klausel<\/strong><\/h2>\n\n\n\n<p class=\"wp-block-paragraph\">Sollten einzelne Bestimmungen eines Einzelvertrages oder diese AGB teilweise oder vollst\u00e4ndig nichtig oder aus sonstigen Gr\u00fcnden unwirksam sein, verpflichten sich die Parteien, eine den wirtschaftlichen Zielsetzungen m\u00f6glichst nahekommende, rechtlich wirksame Ersetzungsklausel zu vereinbaren.<\/p>\n\n\n\n<h2 class=\"wp-block-heading has-large-font-size\" id=\"8-9-anwendbares-recht-und-gerichtsstand-\"><strong>9. Anwendbares Recht und Gerichtsstand<\/strong><\/h2>\n\n\n\n<p class=\"has-normal-font-size wp-block-paragraph\">Vertr\u00e4ge, denen diese AGB zugrunde liegen, unterstehen schweizerischem Recht. Dies gilt auch, wenn die Dienstleistung im Ausland erbracht wird oder der Dienstleistungsempf\u00e4nger seinen Sitz oder Wohnsitz im Ausland hat. Gerichtsstand ist Basel.<\/p>\n\n\n\n<hr class=\"wp-block-separator has-css-opacity\"\/>\n\n\n<div class=\"gb-button-wrapper gb-button-wrapper-344e9e76\">\n\n<a class=\"gb-button gb-button-99e9b352\" href=\"https:\/\/ka2.ch\/wp-content\/uploads\/2021\/03\/AGB.Ka2GmbH.202003.pdf\" target=\"_blank\" rel=\"noopener noreferrer\"><span class=\"gb-icon\"><svg xml:space=\"preserve\" viewBox=\"0 0 256 256\" height=\"256\" width=\"256\" version=\"1.1\" xmlns:xlink=\"http:\/\/www.w3.org\/1999\/xlink\" xmlns=\"http:\/\/www.w3.org\/2000\/svg\">  <defs> <\/defs> <g transform=\"translate(1.4065934065934016 1.4065934065934016) scale(2.81 2.81)\" style=\"stroke: none; stroke-width: 0; stroke-dasharray: none; stroke-linecap: butt; stroke-linejoin: miter; stroke-miterlimit: 10; fill: none; fill-rule: nonzero; opacity: 1;\"> \t<path stroke-linecap=\"round\" transform=\"matrix(1 0 0 1 0 0)\" style=\"stroke: none; stroke-width: 1; stroke-dasharray: none; stroke-linecap: butt; stroke-linejoin: miter; stroke-miterlimit: 10; fill: rgb(255,255,255); fill-rule: nonzero; opacity: 1;\" d=\"M 34.985 53.37 l 30.724 -30.724 c 0.769 -0.769 2.015 -0.769 2.784 0 l 8.591 8.591 c 0.769 0.769 0.769 2.015 0 2.784 L 46.359 64.744 c -0.769 0.769 -2.015 0.769 -2.784 0 l -8.591 -8.591 C 34.216 55.384 34.216 54.138 34.985 53.37 z\"><\/path> \t<path stroke-linecap=\"round\" transform=\"matrix(1 0 0 1 0 0)\" style=\"stroke: none; stroke-width: 1; stroke-dasharray: none; stroke-linecap: butt; stroke-linejoin: miter; stroke-miterlimit: 10; fill: rgb(255,255,255); fill-rule: nonzero; opacity: 1;\" d=\"M 55.015 53.37 L 24.291 22.645 c -0.769 -0.769 -2.015 -0.769 -2.784 0 l -8.591 8.591 c -0.769 0.769 -0.769 2.015 0 2.784 l 30.724 30.724 c 0.769 0.769 2.015 0.769 2.784 0 l 8.591 -8.591 C 55.784 55.384 55.784 54.138 55.015 53.37 z\"><\/path> \t<path stroke-linecap=\"round\" transform=\"matrix(1 0 0 1 0 0)\" style=\"stroke: none; stroke-width: 1; stroke-dasharray: none; stroke-linecap: butt; stroke-linejoin: miter; stroke-miterlimit: 10; fill: rgb(255,255,255); fill-rule: nonzero; opacity: 1;\" d=\"M 36.957 45.419 l 0 -43.451 C 36.957 0.881 37.838 0 38.925 0 l 12.149 0 c 1.087 0 1.968 0.881 1.968 1.968 l 0 43.451 c 0 1.087 -0.881 1.968 -1.968 1.968 H 38.925 C 37.838 47.387 36.957 46.506 36.957 45.419 z\"><\/path> \t<path stroke-linecap=\"round\" transform=\"matrix(1 0 0 1 0 0)\" style=\"stroke: none; stroke-width: 1; stroke-dasharray: none; stroke-linecap: butt; stroke-linejoin: miter; stroke-miterlimit: 10; fill: rgb(255,255,255); fill-rule: nonzero; opacity: 1;\" d=\"M 75.349 90 l -60.699 0 c -1.276 0 -2.311 -1.035 -2.311 -2.311 l 0 -11.464 c 0 -1.276 1.035 -2.311 2.311 -2.311 l 60.699 0 c 1.276 0 2.311 1.035 2.311 2.311 v 11.464 C 77.66 88.965 76.626 90 75.349 90 z\"><\/path> <\/g> <\/svg><\/span><span class=\"gb-button-text\">AGBs als PDF herunterladen<\/span><\/a>\n\n<\/div>","protected":false},"excerpt":{"rendered":"<p>1. Gegenstand und Anwendungsbereich der Einzelvertr\u00e4ge und der AGB 1 Einzelvertr\u00e4ge im Sinne dieser AGB sind Individualvereinbarungen zwischen der Ka2 GmbH und ihrer Kundschaft. Sie regeln den Gegenstand der von der Ka2 GmbH geschuldeten Hauptleistung, zu deren Erbringung sich die Ka2 GmbH durch den Einzelvertrag verpflichtet (nachfolgend Gegenstand [des Vertrages oder der Dienstleistung] genannt) 2 Die AGB regeln die Modalit\u00e4ten der Erbringung von Dienstleistungen durch die Ka2 GmbH. Sie bilden einen integrierenden Bestandteil der Einzelvertr\u00e4ge, &#8230; <\/p>\n<p class=\"read-more-container\"><a title=\"Allgemeine Gesch\u00e4ftsbedingungen Ka2 GmbH\" class=\"read-more button\" href=\"https:\/\/ka2.ch\/shop\/agb\/#more-203610\" aria-label=\"Mehr Informationen \u00fcber Allgemeine Gesch\u00e4ftsbedingungen Ka2 GmbH\">weiterlesen<\/a><\/p>\n","protected":false},"author":1,"featured_media":0,"parent":0,"menu_order":0,"comment_status":"closed","ping_status":"closed","template":"","meta":{"_crdt_document":"","_uag_custom_page_level_css":"","footnotes":""},"class_list":["post-203610","page","type-page","status-publish"],"featured_image_src":null,"uagb_featured_image_src":{"full":false,"thumbnail":false,"medium":false,"medium_large":false,"large":false,"1536x1536":false,"2048x2048":false,"woocommerce_thumbnail":false,"woocommerce_single":false,"woocommerce_gallery_thumbnail":false},"uagb_author_info":{"display_name":"chraebs","author_link":"https:\/\/ka2.ch\/shop\/author\/admin\/"},"uagb_comment_info":0,"uagb_excerpt":"1. Gegenstand und Anwendungsbereich der Einzelvertr\u00e4ge und der AGB 1 Einzelvertr\u00e4ge im Sinne dieser AGB sind Individualvereinbarungen zwischen der Ka2 GmbH und ihrer Kundschaft. Sie regeln den Gegenstand der von der Ka2 GmbH geschuldeten Hauptleistung, zu deren Erbringung sich die Ka2 GmbH durch den Einzelvertrag verpflichtet (nachfolgend Gegenstand [des Vertrages oder der Dienstleistung] genannt) 2&hellip;","_links":{"self":[{"href":"https:\/\/ka2.ch\/shop\/wp-json\/wp\/v2\/pages\/203610","targetHints":{"allow":["GET"]}}],"collection":[{"href":"https:\/\/ka2.ch\/shop\/wp-json\/wp\/v2\/pages"}],"about":[{"href":"https:\/\/ka2.ch\/shop\/wp-json\/wp\/v2\/types\/page"}],"author":[{"embeddable":true,"href":"https:\/\/ka2.ch\/shop\/wp-json\/wp\/v2\/users\/1"}],"replies":[{"embeddable":true,"href":"https:\/\/ka2.ch\/shop\/wp-json\/wp\/v2\/comments?post=203610"}],"version-history":[{"count":1,"href":"https:\/\/ka2.ch\/shop\/wp-json\/wp\/v2\/pages\/203610\/revisions"}],"predecessor-version":[{"id":203611,"href":"https:\/\/ka2.ch\/shop\/wp-json\/wp\/v2\/pages\/203610\/revisions\/203611"}],"wp:attachment":[{"href":"https:\/\/ka2.ch\/shop\/wp-json\/wp\/v2\/media?parent=203610"}],"curies":[{"name":"wp","href":"https:\/\/api.w.org\/{rel}","templated":true}]}}